{"id":44,"date":"2026-01-31T17:13:04","date_gmt":"2026-01-31T17:13:04","guid":{"rendered":"https:\/\/jogos.ludusnomade.com.br\/pagina-inicial\/"},"modified":"2026-02-02T18:34:06","modified_gmt":"2026-02-02T18:34:06","slug":"pagina-inicial","status":"publish","type":"page","link":"https:\/\/jogos.ludusnomade.com.br\/","title":{"rendered":"P\u00e1gina Inicial"},"content":{"rendered":"<div class=\"wp-block-group alignfull is-style-ext-preset--group--natural-1--section has-background-background-color has-background has-global-padding is-layout-constrained wp-container-core-group-is-layout-36519b8a wp-block-group-is-layout-constrained\" style=\"margin-top:0;margin-bottom:0;padding-top:var(--wp--preset--spacing--50);padding-bottom:var(--wp--preset--spacing--70)\"><div class=\"wp-block-group alignwide is-vertical is-content-justification-center is-layout-flex wp-container-core-group-is-layout-c9ee0c5a wp-block-group-is-layout-flex\"><div class=\"wp-block-group has-global-padding is-layout-constrained wp-container-core-group-is-layout-2287c683 wp-block-group-is-layout-constrained\"><h1 class=\"wp-block-heading alignwide has-text-align-center\">Explore o Mundo dos Jogos de Tabuleiro<\/h1>\n\n<p class=\"has-text-align-center\">A Ludus N\u00f4made oferece uma vasta sele\u00e7\u00e3o de jogos de tabuleiro para aluguel, proporcionando experi\u00eancias \u00fanicas para todos os jogadores. Nosso cat\u00e1logo diversificado e atendimento dedicado fazem a diferen\u00e7a para quem busca divers\u00e3o e inova\u00e7\u00e3o.<\/p><\/div>\n\n<div class=\"wp-block-buttons is-content-justification-center is-layout-flex wp-container-core-buttons-is-layout-a89b3969 wp-block-buttons-is-layout-flex\"><div class=\"wp-block-button is-style-ext-preset--button--natural-1--button-1 is-style-ext-preset--button--natural-1--button-1--2\"><a class=\"wp-block-button__link wp-element-button\" href=\"https:\/\/jogos.ludusnomade.com.br\/?post_type=product\">Conhe\u00e7a nosso catalogo<\/a><\/div><\/div><\/div>\n\n<div class=\"wp-block-columns alignwide are-vertically-aligned-bottom is-layout-flex wp-container-core-columns-is-layout-13e2ef3f wp-block-columns-is-layout-flex\"><div class=\"wp-block-column is-vertically-aligned-bottom is-layout-flow wp-block-column-is-layout-flow\"><div class=\"wp-block-group is-style-ext-preset--group--natural-1--item-card-1--align-start has-global-padding is-layout-constrained wp-block-group-is-layout-constrained is-style-ext-preset--group--natural-1--item-card-1--align-start--3\"><div class=\"wp-block-group has-global-padding is-layout-constrained wp-container-core-group-is-layout-639b5052 wp-block-group-is-layout-constrained\" style=\"padding-top:0;padding-right:0;padding-bottom:0;padding-left:0\"><div class=\"wp-block-cover has-custom-content-position is-position-bottom-left is-style-ext-preset--cover--natural-1--cover-overlay-1 has-aspect-ratio is-style-ext-preset--cover--natural-1--cover-overlay-1--4\" style=\"padding-top:24px;padding-right:24px;padding-bottom:24px;padding-left:24px;aspect-ratio:2\/3;min-height:unset;\"><img loading=\"lazy\" decoding=\"async\" width=\"1440\" height=\"1440\" class=\"wp-block-cover__image-background wp-image-76\" alt=\"\" src=\"https:\/\/jogos.ludusnomade.com.br\/wp-content\/uploads\/2026\/01\/558e41f592b97f1fda0fabfa2eaf8954e56cd7e9.jpg\" data-object-fit=\"cover\" srcset=\"https:\/\/jogos.ludusnomade.com.br\/wp-content\/uploads\/2026\/01\/558e41f592b97f1fda0fabfa2eaf8954e56cd7e9.jpg 1440w, https:\/\/jogos.ludusnomade.com.br\/wp-content\/uploads\/2026\/01\/558e41f592b97f1fda0fabfa2eaf8954e56cd7e9-300x300.jpg 300w, https:\/\/jogos.ludusnomade.com.br\/wp-content\/uploads\/2026\/01\/558e41f592b97f1fda0fabfa2eaf8954e56cd7e9-100x100.jpg 100w, https:\/\/jogos.ludusnomade.com.br\/wp-content\/uploads\/2026\/01\/558e41f592b97f1fda0fabfa2eaf8954e56cd7e9-600x600.jpg 600w, https:\/\/jogos.ludusnomade.com.br\/wp-content\/uploads\/2026\/01\/558e41f592b97f1fda0fabfa2eaf8954e56cd7e9-1024x1024.jpg 1024w, https:\/\/jogos.ludusnomade.com.br\/wp-content\/uploads\/2026\/01\/558e41f592b97f1fda0fabfa2eaf8954e56cd7e9-150x150.jpg 150w, https:\/\/jogos.ludusnomade.com.br\/wp-content\/uploads\/2026\/01\/558e41f592b97f1fda0fabfa2eaf8954e56cd7e9-768x768.jpg 768w\" sizes=\"auto, (max-width: 1440px) 100vw, 1440px\" \/><span aria-hidden=\"true\" class=\"wp-block-cover__background has-background-dim-60 has-background-dim\"><\/span><div class=\"wp-block-cover__inner-container has-global-padding is-layout-constrained wp-container-core-cover-is-layout-64063943 wp-block-cover-is-layout-constrained\"><div class=\"wp-block-group has-global-padding is-content-justification-left is-layout-constrained wp-container-core-group-is-layout-417067bb wp-block-group-is-layout-constrained\" style=\"padding-top:0;padding-right:0;padding-bottom:0;padding-left:0\"><hr class=\"wp-block-separator has-text-color has-alpha-channel-opacity has-background\" style=\"background-color:#fefefe;color:#fefefe\"\/><\/div>\n\n<p>Nossa miss\u00e3o \u00e9 conectar entusiastas por meio de jogos, promovendo entretenimento acess\u00edvel e a paix\u00e3o pelo tabuleiro.<\/p><\/div><\/div><\/div><\/div><\/div>\n\n<div class=\"wp-block-column is-vertically-aligned-bottom is-layout-flow wp-block-column-is-layout-flow\"><div class=\"wp-block-group is-style-ext-preset--group--natural-1--item-card-1--align-start has-tertiary-background-color has-background has-global-padding is-layout-constrained wp-container-core-group-is-layout-eb7ca697 wp-block-group-is-layout-constrained is-style-ext-preset--group--natural-1--item-card-1--align-start--5\" style=\"padding-top:1px;padding-right:1px;padding-bottom:1px;padding-left:1px\"><div class=\"wp-block-group is-style-default has-global-padding is-layout-constrained wp-container-core-group-is-layout-a35945ca wp-block-group-is-layout-constrained\" style=\"min-height:280px;padding-top:var(--wp--preset--spacing--30);padding-right:var(--wp--preset--spacing--30);padding-bottom:var(--wp--preset--spacing--30);padding-left:var(--wp--preset--spacing--30)\"><h3 class=\"wp-block-heading has-primary-color has-text-color has-link-color has-large-font-size wp-elements-b6732f57a2d2cfeebb906ae205305f06\">150<\/h3>\n\n<p class=\"has-small-font-size\">Mais de 150 t\u00edtulos dispon\u00edveis que abrangem desde cl\u00e1ssicos at\u00e9 lan\u00e7amentos modernos.<\/p><\/div><\/div><\/div>\n\n<div class=\"wp-block-column is-vertically-aligned-bottom is-layout-flow wp-block-column-is-layout-flow\"><figure class=\"wp-block-image is-style-ext-preset--image--natural-1--image-1--content-bottom is-style-ext-preset--image--natural-1--image-1--content-bottom--6\"><img loading=\"lazy\" decoding=\"async\" width=\"960\" height=\"1440\" src=\"https:\/\/jogos.ludusnomade.com.br\/wp-content\/uploads\/2026\/01\/9974e6d2ae38f20d344d9912b6e7bbd5df494fd5.jpg\" alt=\"\" class=\"wp-image-75\" style=\"aspect-ratio:4\/3;object-fit:cover\" srcset=\"https:\/\/jogos.ludusnomade.com.br\/wp-content\/uploads\/2026\/01\/9974e6d2ae38f20d344d9912b6e7bbd5df494fd5.jpg 960w, https:\/\/jogos.ludusnomade.com.br\/wp-content\/uploads\/2026\/01\/9974e6d2ae38f20d344d9912b6e7bbd5df494fd5-600x900.jpg 600w, https:\/\/jogos.ludusnomade.com.br\/wp-content\/uploads\/2026\/01\/9974e6d2ae38f20d344d9912b6e7bbd5df494fd5-200x300.jpg 200w, https:\/\/jogos.ludusnomade.com.br\/wp-content\/uploads\/2026\/01\/9974e6d2ae38f20d344d9912b6e7bbd5df494fd5-683x1024.jpg 683w, https:\/\/jogos.ludusnomade.com.br\/wp-content\/uploads\/2026\/01\/9974e6d2ae38f20d344d9912b6e7bbd5df494fd5-768x1152.jpg 768w\" sizes=\"auto, (max-width: 960px) 100vw, 960px\" \/><\/figure><\/div>\n\n<div class=\"wp-block-column is-vertically-aligned-bottom is-layout-flow wp-block-column-is-layout-flow\"><div class=\"wp-block-group is-style-ext-preset--group--natural-1--item-card-1--align-start has-tertiary-background-color has-background has-global-padding is-layout-constrained wp-container-core-group-is-layout-eb7ca697 wp-block-group-is-layout-constrained is-style-ext-preset--group--natural-1--item-card-1--align-start--7\" style=\"padding-top:1px;padding-right:1px;padding-bottom:1px;padding-left:1px\"><div class=\"wp-block-group is-style-default has-global-padding is-layout-constrained wp-container-core-group-is-layout-a35945ca wp-block-group-is-layout-constrained\" style=\"min-height:280px;padding-top:var(--wp--preset--spacing--30);padding-right:var(--wp--preset--spacing--30);padding-bottom:var(--wp--preset--spacing--30);padding-left:var(--wp--preset--spacing--30)\"><h3 class=\"wp-block-heading has-primary-color has-text-color has-link-color has-large-font-size wp-elements-9797c1c645a397be4de864405812ba1e\">100<\/h3>\n\n<p class=\"has-small-font-size\">Mais de 100 clientes satisfeitos que vivenciaram momentos memor\u00e1veis com nossos jogos.<\/p><\/div><\/div><\/div>\n\n<div class=\"wp-block-column is-vertically-aligned-bottom is-layout-flow wp-block-column-is-layout-flow\"><figure class=\"wp-block-image is-style-ext-preset--image--natural-1--image-1--content-bottom is-style-ext-preset--image--natural-1--image-1--content-bottom--8\"><img loading=\"lazy\" decoding=\"async\" width=\"1440\" height=\"810\" src=\"https:\/\/jogos.ludusnomade.com.br\/wp-content\/uploads\/2026\/01\/c7279e76f1bbd0b29ad8525f1d2121a06750c9de.jpg\" alt=\"\" class=\"wp-image-68\" style=\"aspect-ratio:2\/3;object-fit:cover\" srcset=\"https:\/\/jogos.ludusnomade.com.br\/wp-content\/uploads\/2026\/01\/c7279e76f1bbd0b29ad8525f1d2121a06750c9de.jpg 1440w, https:\/\/jogos.ludusnomade.com.br\/wp-content\/uploads\/2026\/01\/c7279e76f1bbd0b29ad8525f1d2121a06750c9de-600x338.jpg 600w, https:\/\/jogos.ludusnomade.com.br\/wp-content\/uploads\/2026\/01\/c7279e76f1bbd0b29ad8525f1d2121a06750c9de-300x169.jpg 300w, https:\/\/jogos.ludusnomade.com.br\/wp-content\/uploads\/2026\/01\/c7279e76f1bbd0b29ad8525f1d2121a06750c9de-1024x576.jpg 1024w, https:\/\/jogos.ludusnomade.com.br\/wp-content\/uploads\/2026\/01\/c7279e76f1bbd0b29ad8525f1d2121a06750c9de-768x432.jpg 768w\" sizes=\"auto, (max-width: 1440px) 100vw, 1440px\" \/><\/figure><\/div><\/div><\/div><div class=\"wp-block-group alignfull is-style-ext-preset--group--natural-1--section has-tertiary-background-color has-background has-global-padding is-layout-constrained wp-container-core-group-is-layout-e955bbaf wp-block-group-is-layout-constrained\" id=\"produtos\" style=\"margin-top:0;margin-bottom:0;padding-top:var(--wp--preset--spacing--70);padding-bottom:var(--wp--preset--spacing--70)\"><div class=\"wp-block-columns alignwide is-layout-flex wp-container-core-columns-is-layout-f5a44f5b wp-block-columns-is-layout-flex\"><div class=\"wp-block-column is-layout-flow wp-block-column-is-layout-flow\" style=\"flex-basis:77%\"><div class=\"wp-block-group alignwide is-vertical is-content-justification-left is-layout-flex wp-container-core-group-is-layout-214d3d4d wp-block-group-is-layout-flex\"><div class=\"wp-block-group has-global-padding is-layout-constrained wp-container-core-group-is-layout-2287c683 wp-block-group-is-layout-constrained\"><h2 class=\"wp-block-heading has-text-align-left\">Muito mais do que apenas jogos<\/h2>\n\n<p class=\"has-text-align-left\">Na Ludus N\u00f4made, transformamos divers\u00e3o em aprendizado e colabora\u00e7\u00e3o. Utilizamos <strong>gamifica\u00e7\u00e3o, din\u00e2micas interativas e educa\u00e7\u00e3o l\u00fadica<\/strong> para criar experi\u00eancias que despertam criatividade, fortalecem o trabalho em equipe e estimulam o desenvolvimento cognitivo.<\/p>\n\n<p class=\"has-text-align-left\">Nosso prop\u00f3sito \u00e9 mostrar que o brincar vai al\u00e9m do entretenimento: \u00e9 uma poderosa ferramenta para engajar pessoas, facilitar a socializa\u00e7\u00e3o e gerar impacto positivo em ambientes educacionais, corporativos e sociais.<\/p><\/div><\/div><\/div>\n\n<div class=\"wp-block-column is-layout-flow wp-block-column-is-layout-flow\"><div class=\"wp-block-buttons is-layout-flex wp-block-buttons-is-layout-flex\"><div class=\"wp-block-button is-style-ext-preset--button--natural-1--button-1 is-style-ext-preset--button--natural-1--button-1--10\"><a class=\"wp-block-button__link has-small-font-size has-custom-font-size wp-element-button\" href=\"https:\/\/ludusnomade.com.br\/\">Conhe\u00e7a a Ludus N\u00f4mades<\/a><\/div><\/div><\/div><\/div><\/div>","protected":false},"excerpt":{"rendered":"<p>Explore o Mundo dos Jogos de Tabuleiro A Ludus N\u00f4made oferece uma vasta sele\u00e7\u00e3o de jogos de tabuleiro para aluguel, proporcionando experi\u00eancias \u00fanicas para todos os jogadores. Nosso cat\u00e1logo diversificado e atendimento dedicado fazem a diferen\u00e7a para quem busca divers\u00e3o e inova\u00e7\u00e3o. 150 Mais de 150 t\u00edtulos dispon\u00edveis que abrangem desde cl\u00e1ssicos at\u00e9 lan\u00e7amentos modernos. [&hellip;]<\/p>\n","protected":false},"author":1,"featured_media":0,"parent":0,"menu_order":0,"comment_status":"closed","ping_status":"closed","template":"no-title","meta":{"_monsterinsights_skip_tracking":false,"_monsterinsights_sitenote_active":false,"_monsterinsights_sitenote_note":"","_monsterinsights_sitenote_category":0,"footnotes":""},"class_list":["post-44","page","type-page","status-publish","hentry"],"jetpack_sharing_enabled":true,"_links":{"self":[{"href":"https:\/\/jogos.ludusnomade.com.br\/index.php?rest_route=\/wp\/v2\/pages\/44","targetHints":{"allow":["GET"]}}],"collection":[{"href":"https:\/\/jogos.ludusnomade.com.br\/index.php?rest_route=\/wp\/v2\/pages"}],"about":[{"href":"https:\/\/jogos.ludusnomade.com.br\/index.php?rest_route=\/wp\/v2\/types\/page"}],"author":[{"embeddable":true,"href":"https:\/\/jogos.ludusnomade.com.br\/index.php?rest_route=\/wp\/v2\/users\/1"}],"replies":[{"embeddable":true,"href":"https:\/\/jogos.ludusnomade.com.br\/index.php?rest_route=%2Fwp%2Fv2%2Fcomments&post=44"}],"version-history":[{"count":7,"href":"https:\/\/jogos.ludusnomade.com.br\/index.php?rest_route=\/wp\/v2\/pages\/44\/revisions"}],"predecessor-version":[{"id":246,"href":"https:\/\/jogos.ludusnomade.com.br\/index.php?rest_route=\/wp\/v2\/pages\/44\/revisions\/246"}],"wp:attachment":[{"href":"https:\/\/jogos.ludusnomade.com.br\/index.php?rest_route=%2Fwp%2Fv2%2Fmedia&parent=44"}],"curies":[{"name":"wp","href":"https:\/\/api.w.org\/{rel}","templated":true}]}}